{"id":73,"date":"2021-12-12T21:54:40","date_gmt":"2021-12-12T20:54:40","guid":{"rendered":"http:\/\/puqxjtn.cluster029.hosting.ovh.net\/?page_id=73"},"modified":"2021-12-25T17:35:43","modified_gmt":"2021-12-25T16:35:43","slug":"espaces-atypiques","status":"publish","type":"page","link":"https:\/\/nova-bet.fr\/index.php\/espaces-atypiques\/","title":{"rendered":"ESPACES ATYPIQUES"},"content":{"rendered":"\n<p>Nous apportons nos comp\u00e9tences\u00a0et notre exp\u00e9rience dans les habitations atypiques, que vous soyez un particulier ou un architecte.\u00a0\u00a0<\/p>\n\n\n\n<p>L&rsquo;objectif des projets atypiques\u00a0est de voir le potentiel structurel cach\u00e9 de chaque volume et de s&rsquo;y projeter. Certaines pi\u00e8ces structurelles doivent \u00eatre mises en valeur et peuvent s&rsquo;int\u00e9grer parfaitement au projet.<\/p>\n\n\n\n<p><br>Notre objectif recherch\u00e9 est de conserver\u00a0au maximum des pi\u00e8ces ma\u00eetresses sans porter le pr\u00e9judice au reste du projet.\u00a0<\/p>\n\n\n\n<figure class=\"wp-block-image size-large\"><img loading=\"lazy\" width=\"576\" height=\"1024\" src=\"http:\/\/puqxjtn.cluster029.hosting.ovh.net\/wp-content\/uploads\/2021\/12\/lof1-576x1024.jpg\" alt=\"\" class=\"wp-image-74\" srcset=\"https:\/\/nova-bet.fr\/wp-content\/uploads\/2021\/12\/lof1-576x1024.jpg 576w, https:\/\/nova-bet.fr\/wp-content\/uploads\/2021\/12\/lof1-169x300.jpg 169w, https:\/\/nova-bet.fr\/wp-content\/uploads\/2021\/12\/lof1.jpg 640w\" sizes=\"(max-width: 576px) 100vw, 576px\" \/><\/figure>\n\n\n\n<figure class=\"wp-block-image size-large\"><img loading=\"lazy\" width=\"640\" height=\"853\" src=\"http:\/\/puqxjtn.cluster029.hosting.ovh.net\/wp-content\/uploads\/2021\/12\/loft2.jpg\" alt=\"\" class=\"wp-image-75\" srcset=\"https:\/\/nova-bet.fr\/wp-content\/uploads\/2021\/12\/loft2.jpg 640w, https:\/\/nova-bet.fr\/wp-content\/uploads\/2021\/12\/loft2-225x300.jpg 225w\" sizes=\"(max-width: 640px) 100vw, 640px\" \/><\/figure>\n\n\n\n<figure class=\"wp-block-image size-large\"><img loading=\"lazy\" width=\"640\" height=\"958\" src=\"http:\/\/puqxjtn.cluster029.hosting.ovh.net\/wp-content\/uploads\/2021\/12\/loft3.jpg\" alt=\"\" class=\"wp-image-76\" srcset=\"https:\/\/nova-bet.fr\/wp-content\/uploads\/2021\/12\/loft3.jpg 640w, https:\/\/nova-bet.fr\/wp-content\/uploads\/2021\/12\/loft3-200x300.jpg 200w\" sizes=\"(max-width: 640px) 100vw, 640px\" \/><\/figure>\n\n\n\n<figure class=\"wp-block-image size-full\"><img loading=\"lazy\" width=\"640\" height=\"338\" src=\"https:\/\/nova-bet.fr\/wp-content\/uploads\/2021\/12\/michal-franczak-OvEZZaeIxaI-unsplash.jpg\" alt=\"\" class=\"wp-image-226\" srcset=\"https:\/\/nova-bet.fr\/wp-content\/uploads\/2021\/12\/michal-franczak-OvEZZaeIxaI-unsplash.jpg 640w, https:\/\/nova-bet.fr\/wp-content\/uploads\/2021\/12\/michal-franczak-OvEZZaeIxaI-unsplash-300x158.jpg 300w, https:\/\/nova-bet.fr\/wp-content\/uploads\/2021\/12\/michal-franczak-OvEZZaeIxaI-unsplash-24x13.jpg 24w, https:\/\/nova-bet.fr\/wp-content\/uploads\/2021\/12\/michal-franczak-OvEZZaeIxaI-unsplash-36x19.jpg 36w, https:\/\/nova-bet.fr\/wp-content\/uploads\/2021\/12\/michal-franczak-OvEZZaeIxaI-unsplash-48x25.jpg 48w\" sizes=\"(max-width: 640px) 100vw, 640px\" \/><\/figure>\n\n\n\n<figure class=\"wp-block-image size-large\"><img loading=\"lazy\" width=\"1024\" height=\"683\" src=\"https:\/\/nova-bet.fr\/wp-content\/uploads\/2021\/12\/laurent-perren-3yiaqDO8kIE-unsplash-1024x683.jpg\" alt=\"\" class=\"wp-image-227\" srcset=\"https:\/\/nova-bet.fr\/wp-content\/uploads\/2021\/12\/laurent-perren-3yiaqDO8kIE-unsplash-1024x683.jpg 1024w, https:\/\/nova-bet.fr\/wp-content\/uploads\/2021\/12\/laurent-perren-3yiaqDO8kIE-unsplash-300x200.jpg 300w, https:\/\/nova-bet.fr\/wp-content\/uploads\/2021\/12\/laurent-perren-3yiaqDO8kIE-unsplash-768x512.jpg 768w, https:\/\/nova-bet.fr\/wp-content\/uploads\/2021\/12\/laurent-perren-3yiaqDO8kIE-unsplash-1536x1024.jpg 1536w, https:\/\/nova-bet.fr\/wp-content\/uploads\/2021\/12\/laurent-perren-3yiaqDO8kIE-unsplash-24x16.jpg 24w, https:\/\/nova-bet.fr\/wp-content\/uploads\/2021\/12\/laurent-perren-3yiaqDO8kIE-unsplash-36x24.jpg 36w, https:\/\/nova-bet.fr\/wp-content\/uploads\/2021\/12\/laurent-perren-3yiaqDO8kIE-unsplash-48x32.jpg 48w, https:\/\/nova-bet.fr\/wp-content\/uploads\/2021\/12\/laurent-perren-3yiaqDO8kIE-unsplash.jpg 1920w\" sizes=\"(max-width: 1024px) 100vw, 1024px\" \/><\/figure>\n","protected":false},"excerpt":{"rendered":"<p>Nous apportons nos comp\u00e9tences\u00a0et notre exp\u00e9rience dans les habitations atypiques, que vous soyez un particulier ou un architecte.\u00a0\u00a0 L&rsquo;objectif des projets atypiques\u00a0est de voir le potentiel structurel cach\u00e9 de chaque volume et de s&rsquo;y projeter. Certaines pi\u00e8ces structurelles doivent \u00eatre mises en valeur et peuvent s&rsquo;int\u00e9grer parfaitement au projet. Notre objectif recherch\u00e9 est de conserver\u00a0au [&hellip;]<\/p>\n","protected":false},"author":1,"featured_media":0,"parent":0,"menu_order":0,"comment_status":"closed","ping_status":"closed","template":"","meta":[],"yoast_head":"<!-- This site is optimized with the Yoast SEO plugin v17.8 - https:\/\/yoast.com\/wordpress\/plugins\/seo\/ -->\n<title>ESPACES ATYPIQUES - i N O V A<\/title>\n<meta name=\"robots\" content=\"index, follow, max-snippet:-1, max-image-preview:large, max-video-preview:-1\" \/>\n<link rel=\"canonical\" href=\"https:\/\/nova-bet.fr\/index.php\/espaces-atypiques\/\" \/>\n<meta property=\"og:locale\" content=\"fr_FR\" \/>\n<meta property=\"og:type\" content=\"article\" \/>\n<meta property=\"og:title\" content=\"ESPACES ATYPIQUES - i N O V A\" \/>\n<meta property=\"og:description\" content=\"Nous apportons nos comp\u00e9tences\u00a0et notre exp\u00e9rience dans les habitations atypiques, que vous soyez un particulier ou un architecte.\u00a0\u00a0 L&rsquo;objectif des projets atypiques\u00a0est de voir le potentiel structurel cach\u00e9 de chaque volume et de s&rsquo;y projeter. Certaines pi\u00e8ces structurelles doivent \u00eatre mises en valeur et peuvent s&rsquo;int\u00e9grer parfaitement au projet. Notre objectif recherch\u00e9 est de conserver\u00a0au [&hellip;]\" \/>\n<meta property=\"og:url\" content=\"https:\/\/nova-bet.fr\/index.php\/espaces-atypiques\/\" \/>\n<meta property=\"og:site_name\" content=\"i N O V A\" \/>\n<meta property=\"article:modified_time\" content=\"2021-12-25T16:35:43+00:00\" \/>\n<meta property=\"og:image\" content=\"http:\/\/puqxjtn.cluster029.hosting.ovh.net\/wp-content\/uploads\/2021\/12\/lof1-576x1024.jpg\" \/>\n<meta name=\"twitter:card\" content=\"summary_large_image\" \/>\n<script type=\"application\/ld+json\" class=\"yoast-schema-graph\">{\"@context\":\"https:\/\/schema.org\",\"@graph\":[{\"@type\":\"Organization\",\"@id\":\"https:\/\/nova-bet.fr\/#organization\",\"name\":\"NOVA INGENIERIE\",\"url\":\"https:\/\/nova-bet.fr\/\",\"sameAs\":[],\"logo\":{\"@type\":\"ImageObject\",\"@id\":\"https:\/\/nova-bet.fr\/#logo\",\"inLanguage\":\"fr-FR\",\"url\":\"https:\/\/nova-bet.fr\/wp-content\/uploads\/2021\/12\/cropped-nova-star.jpg\",\"contentUrl\":\"https:\/\/nova-bet.fr\/wp-content\/uploads\/2021\/12\/cropped-nova-star.jpg\",\"width\":380,\"height\":80,\"caption\":\"NOVA INGENIERIE\"},\"image\":{\"@id\":\"https:\/\/nova-bet.fr\/#logo\"}},{\"@type\":\"WebSite\",\"@id\":\"https:\/\/nova-bet.fr\/#website\",\"url\":\"https:\/\/nova-bet.fr\/\",\"name\":\"i N O V A\",\"description\":\"Bureau d&#039;\\u00e9tudes techniques pour les particuliers \",\"publisher\":{\"@id\":\"https:\/\/nova-bet.fr\/#organization\"},\"potentialAction\":[{\"@type\":\"SearchAction\",\"target\":{\"@type\":\"EntryPoint\",\"urlTemplate\":\"https:\/\/nova-bet.fr\/?s={search_term_string}\"},\"query-input\":\"required name=search_term_string\"}],\"inLanguage\":\"fr-FR\"},{\"@type\":\"ImageObject\",\"@id\":\"https:\/\/nova-bet.fr\/index.php\/espaces-atypiques\/#primaryimage\",\"inLanguage\":\"fr-FR\",\"url\":\"http:\/\/puqxjtn.cluster029.hosting.ovh.net\/wp-content\/uploads\/2021\/12\/lof1-576x1024.jpg\",\"contentUrl\":\"http:\/\/puqxjtn.cluster029.hosting.ovh.net\/wp-content\/uploads\/2021\/12\/lof1-576x1024.jpg\"},{\"@type\":\"WebPage\",\"@id\":\"https:\/\/nova-bet.fr\/index.php\/espaces-atypiques\/#webpage\",\"url\":\"https:\/\/nova-bet.fr\/index.php\/espaces-atypiques\/\",\"name\":\"ESPACES ATYPIQUES - i N O V A\",\"isPartOf\":{\"@id\":\"https:\/\/nova-bet.fr\/#website\"},\"primaryImageOfPage\":{\"@id\":\"https:\/\/nova-bet.fr\/index.php\/espaces-atypiques\/#primaryimage\"},\"datePublished\":\"2021-12-12T20:54:40+00:00\",\"dateModified\":\"2021-12-25T16:35:43+00:00\",\"breadcrumb\":{\"@id\":\"https:\/\/nova-bet.fr\/index.php\/espaces-atypiques\/#breadcrumb\"},\"inLanguage\":\"fr-FR\",\"potentialAction\":[{\"@type\":\"ReadAction\",\"target\":[\"https:\/\/nova-bet.fr\/index.php\/espaces-atypiques\/\"]}]},{\"@type\":\"BreadcrumbList\",\"@id\":\"https:\/\/nova-bet.fr\/index.php\/espaces-atypiques\/#breadcrumb\",\"itemListElement\":[{\"@type\":\"ListItem\",\"position\":1,\"name\":\"Accueil\",\"item\":\"https:\/\/nova-bet.fr\/\"},{\"@type\":\"ListItem\",\"position\":2,\"name\":\"ESPACES ATYPIQUES\"}]}]}<\/script>\n<!-- \/ Yoast SEO plugin. -->","yoast_head_json":{"title":"ESPACES ATYPIQUES - i N O V A","robots":{"index":"index","follow":"follow","max-snippet":"max-snippet:-1","max-image-preview":"max-image-preview:large","max-video-preview":"max-video-preview:-1"},"canonical":"https:\/\/nova-bet.fr\/index.php\/espaces-atypiques\/","og_locale":"fr_FR","og_type":"article","og_title":"ESPACES ATYPIQUES - i N O V A","og_description":"Nous apportons nos comp\u00e9tences\u00a0et notre exp\u00e9rience dans les habitations atypiques, que vous soyez un particulier ou un architecte.\u00a0\u00a0 L&rsquo;objectif des projets atypiques\u00a0est de voir le potentiel structurel cach\u00e9 de chaque volume et de s&rsquo;y projeter. Certaines pi\u00e8ces structurelles doivent \u00eatre mises en valeur et peuvent s&rsquo;int\u00e9grer parfaitement au projet. Notre objectif recherch\u00e9 est de conserver\u00a0au [&hellip;]","og_url":"https:\/\/nova-bet.fr\/index.php\/espaces-atypiques\/","og_site_name":"i N O V A","article_modified_time":"2021-12-25T16:35:43+00:00","og_image":[{"url":"http:\/\/puqxjtn.cluster029.hosting.ovh.net\/wp-content\/uploads\/2021\/12\/lof1-576x1024.jpg"}],"twitter_card":"summary_large_image","schema":{"@context":"https:\/\/schema.org","@graph":[{"@type":"Organization","@id":"https:\/\/nova-bet.fr\/#organization","name":"NOVA INGENIERIE","url":"https:\/\/nova-bet.fr\/","sameAs":[],"logo":{"@type":"ImageObject","@id":"https:\/\/nova-bet.fr\/#logo","inLanguage":"fr-FR","url":"https:\/\/nova-bet.fr\/wp-content\/uploads\/2021\/12\/cropped-nova-star.jpg","contentUrl":"https:\/\/nova-bet.fr\/wp-content\/uploads\/2021\/12\/cropped-nova-star.jpg","width":380,"height":80,"caption":"NOVA INGENIERIE"},"image":{"@id":"https:\/\/nova-bet.fr\/#logo"}},{"@type":"WebSite","@id":"https:\/\/nova-bet.fr\/#website","url":"https:\/\/nova-bet.fr\/","name":"i N O V A","description":"Bureau d&#039;\u00e9tudes techniques pour les particuliers ","publisher":{"@id":"https:\/\/nova-bet.fr\/#organization"},"potentialAction":[{"@type":"SearchAction","target":{"@type":"EntryPoint","urlTemplate":"https:\/\/nova-bet.fr\/?s={search_term_string}"},"query-input":"required name=search_term_string"}],"inLanguage":"fr-FR"},{"@type":"ImageObject","@id":"https:\/\/nova-bet.fr\/index.php\/espaces-atypiques\/#primaryimage","inLanguage":"fr-FR","url":"http:\/\/puqxjtn.cluster029.hosting.ovh.net\/wp-content\/uploads\/2021\/12\/lof1-576x1024.jpg","contentUrl":"http:\/\/puqxjtn.cluster029.hosting.ovh.net\/wp-content\/uploads\/2021\/12\/lof1-576x1024.jpg"},{"@type":"WebPage","@id":"https:\/\/nova-bet.fr\/index.php\/espaces-atypiques\/#webpage","url":"https:\/\/nova-bet.fr\/index.php\/espaces-atypiques\/","name":"ESPACES ATYPIQUES - i N O V A","isPartOf":{"@id":"https:\/\/nova-bet.fr\/#website"},"primaryImageOfPage":{"@id":"https:\/\/nova-bet.fr\/index.php\/espaces-atypiques\/#primaryimage"},"datePublished":"2021-12-12T20:54:40+00:00","dateModified":"2021-12-25T16:35:43+00:00","breadcrumb":{"@id":"https:\/\/nova-bet.fr\/index.php\/espaces-atypiques\/#breadcrumb"},"inLanguage":"fr-FR","potentialAction":[{"@type":"ReadAction","target":["https:\/\/nova-bet.fr\/index.php\/espaces-atypiques\/"]}]},{"@type":"BreadcrumbList","@id":"https:\/\/nova-bet.fr\/index.php\/espaces-atypiques\/#breadcrumb","itemListElement":[{"@type":"ListItem","position":1,"name":"Accueil","item":"https:\/\/nova-bet.fr\/"},{"@type":"ListItem","position":2,"name":"ESPACES ATYPIQUES"}]}]}},"_links":{"self":[{"href":"https:\/\/nova-bet.fr\/index.php\/wp-json\/wp\/v2\/pages\/73"}],"collection":[{"href":"https:\/\/nova-bet.fr\/index.php\/wp-json\/wp\/v2\/pages"}],"about":[{"href":"https:\/\/nova-bet.fr\/index.php\/wp-json\/wp\/v2\/types\/page"}],"author":[{"embeddable":true,"href":"https:\/\/nova-bet.fr\/index.php\/wp-json\/wp\/v2\/users\/1"}],"replies":[{"embeddable":true,"href":"https:\/\/nova-bet.fr\/index.php\/wp-json\/wp\/v2\/comments?post=73"}],"version-history":[{"count":4,"href":"https:\/\/nova-bet.fr\/index.php\/wp-json\/wp\/v2\/pages\/73\/revisions"}],"predecessor-version":[{"id":228,"href":"https:\/\/nova-bet.fr\/index.php\/wp-json\/wp\/v2\/pages\/73\/revisions\/228"}],"wp:attachment":[{"href":"https:\/\/nova-bet.fr\/index.php\/wp-json\/wp\/v2\/media?parent=73"}],"curies":[{"name":"wp","href":"https:\/\/api.w.org\/{rel}","templated":true}]}}