{"id":61,"date":"2021-12-12T21:37:40","date_gmt":"2021-12-12T20:37:40","guid":{"rendered":"http:\/\/puqxjtn.cluster029.hosting.ovh.net\/?page_id=61"},"modified":"2021-12-25T17:48:08","modified_gmt":"2021-12-25T16:48:08","slug":"sur-elevation-extensions","status":"publish","type":"page","link":"https:\/\/nova-bet.fr\/index.php\/sur-elevation-extensions\/","title":{"rendered":"SUR ELEVATION EXTENSIONS"},"content":{"rendered":"\n<p>Si vous souhaitez cr\u00e9er de la surface suppl\u00e9mentaire, une sur\u00e9l\u00e9vation de votre habitation est possible avec l&rsquo; aide d&rsquo;un architecte et de nos techniciens.<\/p>\n\n\n\n<p>Nous cherchons des solutions l\u00e9g\u00e8res pour ne pas impacter les fondations et la structure existante. Les solutions existent en bois ou en ma\u00e7onnerie\u00a0all\u00e9g\u00e9e, en int\u00e9grant judicieusement les porteurs principaux. <\/p>\n\n\n\n<p>Un diagnostic de la structure existante est n\u00e9cessaire afin de voir les points critiques et des zones avec des faiblesses. Une m\u00e9thodologie des travaux est \u00e0 pr\u00e9voir pour travailler en s\u00e9curit\u00e9.<\/p>\n\n\n\n<figure class=\"wp-block-image size-large\"><img loading=\"lazy\" width=\"640\" height=\"966\" src=\"http:\/\/puqxjtn.cluster029.hosting.ovh.net\/wp-content\/uploads\/2021\/12\/ext1.jpg\" alt=\"\" class=\"wp-image-62\" srcset=\"https:\/\/nova-bet.fr\/wp-content\/uploads\/2021\/12\/ext1.jpg 640w, https:\/\/nova-bet.fr\/wp-content\/uploads\/2021\/12\/ext1-199x300.jpg 199w\" sizes=\"(max-width: 640px) 100vw, 640px\" \/><\/figure>\n\n\n\n<figure class=\"wp-block-image size-large\"><img loading=\"lazy\" width=\"640\" height=\"966\" src=\"http:\/\/puqxjtn.cluster029.hosting.ovh.net\/wp-content\/uploads\/2021\/12\/ext2.jpg\" alt=\"\" class=\"wp-image-63\" srcset=\"https:\/\/nova-bet.fr\/wp-content\/uploads\/2021\/12\/ext2.jpg 640w, https:\/\/nova-bet.fr\/wp-content\/uploads\/2021\/12\/ext2-199x300.jpg 199w\" sizes=\"(max-width: 640px) 100vw, 640px\" \/><\/figure>\n","protected":false},"excerpt":{"rendered":"<p>Si vous souhaitez cr\u00e9er de la surface suppl\u00e9mentaire, une sur\u00e9l\u00e9vation de votre habitation est possible avec l&rsquo; aide d&rsquo;un architecte et de nos techniciens. Nous cherchons des solutions l\u00e9g\u00e8res pour ne pas impacter les fondations et la structure existante. Les solutions existent en bois ou en ma\u00e7onnerie\u00a0all\u00e9g\u00e9e, en int\u00e9grant judicieusement les porteurs principaux. Un diagnostic [&hellip;]<\/p>\n","protected":false},"author":1,"featured_media":0,"parent":0,"menu_order":0,"comment_status":"closed","ping_status":"closed","template":"","meta":[],"yoast_head":"<!-- This site is optimized with the Yoast SEO plugin v17.8 - https:\/\/yoast.com\/wordpress\/plugins\/seo\/ -->\n<title>SUR ELEVATION EXTENSIONS - i N O V A<\/title>\n<meta name=\"robots\" content=\"index, follow, max-snippet:-1, max-image-preview:large, max-video-preview:-1\" \/>\n<link rel=\"canonical\" href=\"https:\/\/nova-bet.fr\/index.php\/sur-elevation-extensions\/\" \/>\n<meta property=\"og:locale\" content=\"fr_FR\" \/>\n<meta property=\"og:type\" content=\"article\" \/>\n<meta property=\"og:title\" content=\"SUR ELEVATION EXTENSIONS - i N O V A\" \/>\n<meta property=\"og:description\" content=\"Si vous souhaitez cr\u00e9er de la surface suppl\u00e9mentaire, une sur\u00e9l\u00e9vation de votre habitation est possible avec l&rsquo; aide d&rsquo;un architecte et de nos techniciens. Nous cherchons des solutions l\u00e9g\u00e8res pour ne pas impacter les fondations et la structure existante. Les solutions existent en bois ou en ma\u00e7onnerie\u00a0all\u00e9g\u00e9e, en int\u00e9grant judicieusement les porteurs principaux. Un diagnostic [&hellip;]\" \/>\n<meta property=\"og:url\" content=\"https:\/\/nova-bet.fr\/index.php\/sur-elevation-extensions\/\" \/>\n<meta property=\"og:site_name\" content=\"i N O V A\" \/>\n<meta property=\"article:modified_time\" content=\"2021-12-25T16:48:08+00:00\" \/>\n<meta property=\"og:image\" content=\"http:\/\/puqxjtn.cluster029.hosting.ovh.net\/wp-content\/uploads\/2021\/12\/ext1.jpg\" \/>\n<meta name=\"twitter:card\" content=\"summary_large_image\" \/>\n<script type=\"application\/ld+json\" class=\"yoast-schema-graph\">{\"@context\":\"https:\/\/schema.org\",\"@graph\":[{\"@type\":\"Organization\",\"@id\":\"https:\/\/nova-bet.fr\/#organization\",\"name\":\"NOVA INGENIERIE\",\"url\":\"https:\/\/nova-bet.fr\/\",\"sameAs\":[],\"logo\":{\"@type\":\"ImageObject\",\"@id\":\"https:\/\/nova-bet.fr\/#logo\",\"inLanguage\":\"fr-FR\",\"url\":\"https:\/\/nova-bet.fr\/wp-content\/uploads\/2021\/12\/cropped-nova-star.jpg\",\"contentUrl\":\"https:\/\/nova-bet.fr\/wp-content\/uploads\/2021\/12\/cropped-nova-star.jpg\",\"width\":380,\"height\":80,\"caption\":\"NOVA INGENIERIE\"},\"image\":{\"@id\":\"https:\/\/nova-bet.fr\/#logo\"}},{\"@type\":\"WebSite\",\"@id\":\"https:\/\/nova-bet.fr\/#website\",\"url\":\"https:\/\/nova-bet.fr\/\",\"name\":\"i N O V A\",\"description\":\"Bureau d&#039;\\u00e9tudes techniques pour les particuliers \",\"publisher\":{\"@id\":\"https:\/\/nova-bet.fr\/#organization\"},\"potentialAction\":[{\"@type\":\"SearchAction\",\"target\":{\"@type\":\"EntryPoint\",\"urlTemplate\":\"https:\/\/nova-bet.fr\/?s={search_term_string}\"},\"query-input\":\"required name=search_term_string\"}],\"inLanguage\":\"fr-FR\"},{\"@type\":\"ImageObject\",\"@id\":\"https:\/\/nova-bet.fr\/index.php\/sur-elevation-extensions\/#primaryimage\",\"inLanguage\":\"fr-FR\",\"url\":\"http:\/\/puqxjtn.cluster029.hosting.ovh.net\/wp-content\/uploads\/2021\/12\/ext1.jpg\",\"contentUrl\":\"http:\/\/puqxjtn.cluster029.hosting.ovh.net\/wp-content\/uploads\/2021\/12\/ext1.jpg\"},{\"@type\":\"WebPage\",\"@id\":\"https:\/\/nova-bet.fr\/index.php\/sur-elevation-extensions\/#webpage\",\"url\":\"https:\/\/nova-bet.fr\/index.php\/sur-elevation-extensions\/\",\"name\":\"SUR ELEVATION EXTENSIONS - i N O V A\",\"isPartOf\":{\"@id\":\"https:\/\/nova-bet.fr\/#website\"},\"primaryImageOfPage\":{\"@id\":\"https:\/\/nova-bet.fr\/index.php\/sur-elevation-extensions\/#primaryimage\"},\"datePublished\":\"2021-12-12T20:37:40+00:00\",\"dateModified\":\"2021-12-25T16:48:08+00:00\",\"breadcrumb\":{\"@id\":\"https:\/\/nova-bet.fr\/index.php\/sur-elevation-extensions\/#breadcrumb\"},\"inLanguage\":\"fr-FR\",\"potentialAction\":[{\"@type\":\"ReadAction\",\"target\":[\"https:\/\/nova-bet.fr\/index.php\/sur-elevation-extensions\/\"]}]},{\"@type\":\"BreadcrumbList\",\"@id\":\"https:\/\/nova-bet.fr\/index.php\/sur-elevation-extensions\/#breadcrumb\",\"itemListElement\":[{\"@type\":\"ListItem\",\"position\":1,\"name\":\"Accueil\",\"item\":\"https:\/\/nova-bet.fr\/\"},{\"@type\":\"ListItem\",\"position\":2,\"name\":\"SUR ELEVATION EXTENSIONS\"}]}]}<\/script>\n<!-- \/ Yoast SEO plugin. -->","yoast_head_json":{"title":"SUR ELEVATION EXTENSIONS - i N O V A","robots":{"index":"index","follow":"follow","max-snippet":"max-snippet:-1","max-image-preview":"max-image-preview:large","max-video-preview":"max-video-preview:-1"},"canonical":"https:\/\/nova-bet.fr\/index.php\/sur-elevation-extensions\/","og_locale":"fr_FR","og_type":"article","og_title":"SUR ELEVATION EXTENSIONS - i N O V A","og_description":"Si vous souhaitez cr\u00e9er de la surface suppl\u00e9mentaire, une sur\u00e9l\u00e9vation de votre habitation est possible avec l&rsquo; aide d&rsquo;un architecte et de nos techniciens. Nous cherchons des solutions l\u00e9g\u00e8res pour ne pas impacter les fondations et la structure existante. Les solutions existent en bois ou en ma\u00e7onnerie\u00a0all\u00e9g\u00e9e, en int\u00e9grant judicieusement les porteurs principaux. Un diagnostic [&hellip;]","og_url":"https:\/\/nova-bet.fr\/index.php\/sur-elevation-extensions\/","og_site_name":"i N O V A","article_modified_time":"2021-12-25T16:48:08+00:00","og_image":[{"url":"http:\/\/puqxjtn.cluster029.hosting.ovh.net\/wp-content\/uploads\/2021\/12\/ext1.jpg"}],"twitter_card":"summary_large_image","schema":{"@context":"https:\/\/schema.org","@graph":[{"@type":"Organization","@id":"https:\/\/nova-bet.fr\/#organization","name":"NOVA INGENIERIE","url":"https:\/\/nova-bet.fr\/","sameAs":[],"logo":{"@type":"ImageObject","@id":"https:\/\/nova-bet.fr\/#logo","inLanguage":"fr-FR","url":"https:\/\/nova-bet.fr\/wp-content\/uploads\/2021\/12\/cropped-nova-star.jpg","contentUrl":"https:\/\/nova-bet.fr\/wp-content\/uploads\/2021\/12\/cropped-nova-star.jpg","width":380,"height":80,"caption":"NOVA INGENIERIE"},"image":{"@id":"https:\/\/nova-bet.fr\/#logo"}},{"@type":"WebSite","@id":"https:\/\/nova-bet.fr\/#website","url":"https:\/\/nova-bet.fr\/","name":"i N O V A","description":"Bureau d&#039;\u00e9tudes techniques pour les particuliers ","publisher":{"@id":"https:\/\/nova-bet.fr\/#organization"},"potentialAction":[{"@type":"SearchAction","target":{"@type":"EntryPoint","urlTemplate":"https:\/\/nova-bet.fr\/?s={search_term_string}"},"query-input":"required name=search_term_string"}],"inLanguage":"fr-FR"},{"@type":"ImageObject","@id":"https:\/\/nova-bet.fr\/index.php\/sur-elevation-extensions\/#primaryimage","inLanguage":"fr-FR","url":"http:\/\/puqxjtn.cluster029.hosting.ovh.net\/wp-content\/uploads\/2021\/12\/ext1.jpg","contentUrl":"http:\/\/puqxjtn.cluster029.hosting.ovh.net\/wp-content\/uploads\/2021\/12\/ext1.jpg"},{"@type":"WebPage","@id":"https:\/\/nova-bet.fr\/index.php\/sur-elevation-extensions\/#webpage","url":"https:\/\/nova-bet.fr\/index.php\/sur-elevation-extensions\/","name":"SUR ELEVATION EXTENSIONS - i N O V A","isPartOf":{"@id":"https:\/\/nova-bet.fr\/#website"},"primaryImageOfPage":{"@id":"https:\/\/nova-bet.fr\/index.php\/sur-elevation-extensions\/#primaryimage"},"datePublished":"2021-12-12T20:37:40+00:00","dateModified":"2021-12-25T16:48:08+00:00","breadcrumb":{"@id":"https:\/\/nova-bet.fr\/index.php\/sur-elevation-extensions\/#breadcrumb"},"inLanguage":"fr-FR","potentialAction":[{"@type":"ReadAction","target":["https:\/\/nova-bet.fr\/index.php\/sur-elevation-extensions\/"]}]},{"@type":"BreadcrumbList","@id":"https:\/\/nova-bet.fr\/index.php\/sur-elevation-extensions\/#breadcrumb","itemListElement":[{"@type":"ListItem","position":1,"name":"Accueil","item":"https:\/\/nova-bet.fr\/"},{"@type":"ListItem","position":2,"name":"SUR ELEVATION EXTENSIONS"}]}]}},"_links":{"self":[{"href":"https:\/\/nova-bet.fr\/index.php\/wp-json\/wp\/v2\/pages\/61"}],"collection":[{"href":"https:\/\/nova-bet.fr\/index.php\/wp-json\/wp\/v2\/pages"}],"about":[{"href":"https:\/\/nova-bet.fr\/index.php\/wp-json\/wp\/v2\/types\/page"}],"author":[{"embeddable":true,"href":"https:\/\/nova-bet.fr\/index.php\/wp-json\/wp\/v2\/users\/1"}],"replies":[{"embeddable":true,"href":"https:\/\/nova-bet.fr\/index.php\/wp-json\/wp\/v2\/comments?post=61"}],"version-history":[{"count":3,"href":"https:\/\/nova-bet.fr\/index.php\/wp-json\/wp\/v2\/pages\/61\/revisions"}],"predecessor-version":[{"id":234,"href":"https:\/\/nova-bet.fr\/index.php\/wp-json\/wp\/v2\/pages\/61\/revisions\/234"}],"wp:attachment":[{"href":"https:\/\/nova-bet.fr\/index.php\/wp-json\/wp\/v2\/media?parent=61"}],"curies":[{"name":"wp","href":"https:\/\/api.w.org\/{rel}","templated":true}]}}