{"id":142,"date":"2021-12-20T19:32:59","date_gmt":"2021-12-20T18:32:59","guid":{"rendered":"https:\/\/nova-bet.fr\/?page_id=142"},"modified":"2021-12-25T17:51:57","modified_gmt":"2021-12-25T16:51:57","slug":"maitre-doeuvre","status":"publish","type":"page","link":"https:\/\/nova-bet.fr\/index.php\/maitre-doeuvre\/","title":{"rendered":"MAITRE D&rsquo;OEUVRE"},"content":{"rendered":"\n<p>Nous pouvons assurer le suivi et la direction des travaux avec les entreprises et nos partenaires, \u00e0 partir de votre avant projet jusqu&rsquo;\u00e0 la livraison d\u00e9finitive. Nous s\u00e9lectionnons\u00a0des entreprises fiables et responsables pour accompagner les clients et leurs projets.<\/p>\n\n\n\n<p>Nos partenaires fiables nous accompagnent lors de la r\u00e9alisation du projet :<\/p>\n\n\n\n<ul><li>Les ing\u00e9nieurs g\u00e9o techniciens<\/li><li>Les entreprises de gros oeuvre<\/li><li>Les entreprises de la charpente bois<\/li><li>Les lots techniques CVC et ELEC&nbsp;<\/li><\/ul>\n\n\n\n<figure class=\"wp-block-image size-large\"><img loading=\"lazy\" width=\"683\" height=\"1024\" src=\"https:\/\/nova-bet.fr\/wp-content\/uploads\/2021\/12\/thisisengineering-raeng-SyRlD4s_amw-unsplash-683x1024.jpg\" alt=\"\" class=\"wp-image-143\" srcset=\"https:\/\/nova-bet.fr\/wp-content\/uploads\/2021\/12\/thisisengineering-raeng-SyRlD4s_amw-unsplash-683x1024.jpg 683w, https:\/\/nova-bet.fr\/wp-content\/uploads\/2021\/12\/thisisengineering-raeng-SyRlD4s_amw-unsplash-200x300.jpg 200w, https:\/\/nova-bet.fr\/wp-content\/uploads\/2021\/12\/thisisengineering-raeng-SyRlD4s_amw-unsplash-768x1152.jpg 768w, https:\/\/nova-bet.fr\/wp-content\/uploads\/2021\/12\/thisisengineering-raeng-SyRlD4s_amw-unsplash-1024x1536.jpg 1024w, https:\/\/nova-bet.fr\/wp-content\/uploads\/2021\/12\/thisisengineering-raeng-SyRlD4s_amw-unsplash-1366x2048.jpg 1366w, https:\/\/nova-bet.fr\/wp-content\/uploads\/2021\/12\/thisisengineering-raeng-SyRlD4s_amw-unsplash-scaled.jpg 1707w\" sizes=\"(max-width: 683px) 100vw, 683px\" \/><\/figure>\n\n\n\n<figure class=\"wp-block-image size-large\"><img loading=\"lazy\" width=\"683\" height=\"1024\" src=\"https:\/\/nova-bet.fr\/wp-content\/uploads\/2021\/12\/thisisengineering-raeng-lSgfUoyyDwI-unsplash-683x1024.jpg\" alt=\"\" class=\"wp-image-144\" srcset=\"https:\/\/nova-bet.fr\/wp-content\/uploads\/2021\/12\/thisisengineering-raeng-lSgfUoyyDwI-unsplash-683x1024.jpg 683w, https:\/\/nova-bet.fr\/wp-content\/uploads\/2021\/12\/thisisengineering-raeng-lSgfUoyyDwI-unsplash-200x300.jpg 200w, https:\/\/nova-bet.fr\/wp-content\/uploads\/2021\/12\/thisisengineering-raeng-lSgfUoyyDwI-unsplash-768x1152.jpg 768w, https:\/\/nova-bet.fr\/wp-content\/uploads\/2021\/12\/thisisengineering-raeng-lSgfUoyyDwI-unsplash-1024x1536.jpg 1024w, https:\/\/nova-bet.fr\/wp-content\/uploads\/2021\/12\/thisisengineering-raeng-lSgfUoyyDwI-unsplash-1365x2048.jpg 1365w, https:\/\/nova-bet.fr\/wp-content\/uploads\/2021\/12\/thisisengineering-raeng-lSgfUoyyDwI-unsplash-scaled.jpg 1707w\" sizes=\"(max-width: 683px) 100vw, 683px\" \/><\/figure>\n\n\n\n<figure class=\"wp-block-image size-large\"><img loading=\"lazy\" width=\"1024\" height=\"576\" src=\"https:\/\/nova-bet.fr\/wp-content\/uploads\/2021\/12\/umit-yildirim-9OB46apMbC4-unsplash-1024x576.jpg\" alt=\"\" class=\"wp-image-145\" srcset=\"https:\/\/nova-bet.fr\/wp-content\/uploads\/2021\/12\/umit-yildirim-9OB46apMbC4-unsplash-1024x576.jpg 1024w, https:\/\/nova-bet.fr\/wp-content\/uploads\/2021\/12\/umit-yildirim-9OB46apMbC4-unsplash-300x169.jpg 300w, https:\/\/nova-bet.fr\/wp-content\/uploads\/2021\/12\/umit-yildirim-9OB46apMbC4-unsplash-768x432.jpg 768w, https:\/\/nova-bet.fr\/wp-content\/uploads\/2021\/12\/umit-yildirim-9OB46apMbC4-unsplash-1536x864.jpg 1536w, https:\/\/nova-bet.fr\/wp-content\/uploads\/2021\/12\/umit-yildirim-9OB46apMbC4-unsplash.jpg 1920w\" sizes=\"(max-width: 1024px) 100vw, 1024px\" \/><\/figure>\n","protected":false},"excerpt":{"rendered":"<p>Nous pouvons assurer le suivi et la direction des travaux avec les entreprises et nos partenaires, \u00e0 partir de votre avant projet jusqu&rsquo;\u00e0 la livraison d\u00e9finitive. Nous s\u00e9lectionnons\u00a0des entreprises fiables et responsables pour accompagner les clients et leurs projets. Nos partenaires fiables nous accompagnent lors de la r\u00e9alisation du projet : Les ing\u00e9nieurs g\u00e9o techniciens [&hellip;]<\/p>\n","protected":false},"author":1,"featured_media":0,"parent":0,"menu_order":0,"comment_status":"closed","ping_status":"closed","template":"","meta":[],"yoast_head":"<!-- This site is optimized with the Yoast SEO plugin v17.8 - https:\/\/yoast.com\/wordpress\/plugins\/seo\/ -->\n<title>MAITRE D&#039;OEUVRE - i N O V A<\/title>\n<meta name=\"robots\" content=\"index, follow, max-snippet:-1, max-image-preview:large, max-video-preview:-1\" \/>\n<link rel=\"canonical\" href=\"https:\/\/nova-bet.fr\/index.php\/maitre-doeuvre\/\" \/>\n<meta property=\"og:locale\" content=\"fr_FR\" \/>\n<meta property=\"og:type\" content=\"article\" \/>\n<meta property=\"og:title\" content=\"MAITRE D&#039;OEUVRE - i N O V A\" \/>\n<meta property=\"og:description\" content=\"Nous pouvons assurer le suivi et la direction des travaux avec les entreprises et nos partenaires, \u00e0 partir de votre avant projet jusqu&rsquo;\u00e0 la livraison d\u00e9finitive. Nous s\u00e9lectionnons\u00a0des entreprises fiables et responsables pour accompagner les clients et leurs projets. Nos partenaires fiables nous accompagnent lors de la r\u00e9alisation du projet : Les ing\u00e9nieurs g\u00e9o techniciens [&hellip;]\" \/>\n<meta property=\"og:url\" content=\"https:\/\/nova-bet.fr\/index.php\/maitre-doeuvre\/\" \/>\n<meta property=\"og:site_name\" content=\"i N O V A\" \/>\n<meta property=\"article:modified_time\" content=\"2021-12-25T16:51:57+00:00\" \/>\n<meta property=\"og:image\" content=\"https:\/\/nova-bet.fr\/wp-content\/uploads\/2021\/12\/thisisengineering-raeng-SyRlD4s_amw-unsplash-683x1024.jpg\" \/>\n<meta name=\"twitter:card\" content=\"summary_large_image\" \/>\n<script type=\"application\/ld+json\" class=\"yoast-schema-graph\">{\"@context\":\"https:\/\/schema.org\",\"@graph\":[{\"@type\":\"Organization\",\"@id\":\"https:\/\/nova-bet.fr\/#organization\",\"name\":\"NOVA INGENIERIE\",\"url\":\"https:\/\/nova-bet.fr\/\",\"sameAs\":[],\"logo\":{\"@type\":\"ImageObject\",\"@id\":\"https:\/\/nova-bet.fr\/#logo\",\"inLanguage\":\"fr-FR\",\"url\":\"https:\/\/nova-bet.fr\/wp-content\/uploads\/2021\/12\/cropped-nova-star.jpg\",\"contentUrl\":\"https:\/\/nova-bet.fr\/wp-content\/uploads\/2021\/12\/cropped-nova-star.jpg\",\"width\":380,\"height\":80,\"caption\":\"NOVA INGENIERIE\"},\"image\":{\"@id\":\"https:\/\/nova-bet.fr\/#logo\"}},{\"@type\":\"WebSite\",\"@id\":\"https:\/\/nova-bet.fr\/#website\",\"url\":\"https:\/\/nova-bet.fr\/\",\"name\":\"i N O V A\",\"description\":\"Bureau d&#039;\\u00e9tudes techniques pour les particuliers \",\"publisher\":{\"@id\":\"https:\/\/nova-bet.fr\/#organization\"},\"potentialAction\":[{\"@type\":\"SearchAction\",\"target\":{\"@type\":\"EntryPoint\",\"urlTemplate\":\"https:\/\/nova-bet.fr\/?s={search_term_string}\"},\"query-input\":\"required name=search_term_string\"}],\"inLanguage\":\"fr-FR\"},{\"@type\":\"ImageObject\",\"@id\":\"https:\/\/nova-bet.fr\/index.php\/maitre-doeuvre\/#primaryimage\",\"inLanguage\":\"fr-FR\",\"url\":\"https:\/\/nova-bet.fr\/wp-content\/uploads\/2021\/12\/thisisengineering-raeng-SyRlD4s_amw-unsplash-683x1024.jpg\",\"contentUrl\":\"https:\/\/nova-bet.fr\/wp-content\/uploads\/2021\/12\/thisisengineering-raeng-SyRlD4s_amw-unsplash-683x1024.jpg\"},{\"@type\":\"WebPage\",\"@id\":\"https:\/\/nova-bet.fr\/index.php\/maitre-doeuvre\/#webpage\",\"url\":\"https:\/\/nova-bet.fr\/index.php\/maitre-doeuvre\/\",\"name\":\"MAITRE D'OEUVRE - i N O V A\",\"isPartOf\":{\"@id\":\"https:\/\/nova-bet.fr\/#website\"},\"primaryImageOfPage\":{\"@id\":\"https:\/\/nova-bet.fr\/index.php\/maitre-doeuvre\/#primaryimage\"},\"datePublished\":\"2021-12-20T18:32:59+00:00\",\"dateModified\":\"2021-12-25T16:51:57+00:00\",\"breadcrumb\":{\"@id\":\"https:\/\/nova-bet.fr\/index.php\/maitre-doeuvre\/#breadcrumb\"},\"inLanguage\":\"fr-FR\",\"potentialAction\":[{\"@type\":\"ReadAction\",\"target\":[\"https:\/\/nova-bet.fr\/index.php\/maitre-doeuvre\/\"]}]},{\"@type\":\"BreadcrumbList\",\"@id\":\"https:\/\/nova-bet.fr\/index.php\/maitre-doeuvre\/#breadcrumb\",\"itemListElement\":[{\"@type\":\"ListItem\",\"position\":1,\"name\":\"Accueil\",\"item\":\"https:\/\/nova-bet.fr\/\"},{\"@type\":\"ListItem\",\"position\":2,\"name\":\"MAITRE D&rsquo;OEUVRE\"}]}]}<\/script>\n<!-- \/ Yoast SEO plugin. -->","yoast_head_json":{"title":"MAITRE D'OEUVRE - i N O V A","robots":{"index":"index","follow":"follow","max-snippet":"max-snippet:-1","max-image-preview":"max-image-preview:large","max-video-preview":"max-video-preview:-1"},"canonical":"https:\/\/nova-bet.fr\/index.php\/maitre-doeuvre\/","og_locale":"fr_FR","og_type":"article","og_title":"MAITRE D'OEUVRE - i N O V A","og_description":"Nous pouvons assurer le suivi et la direction des travaux avec les entreprises et nos partenaires, \u00e0 partir de votre avant projet jusqu&rsquo;\u00e0 la livraison d\u00e9finitive. Nous s\u00e9lectionnons\u00a0des entreprises fiables et responsables pour accompagner les clients et leurs projets. Nos partenaires fiables nous accompagnent lors de la r\u00e9alisation du projet : Les ing\u00e9nieurs g\u00e9o techniciens [&hellip;]","og_url":"https:\/\/nova-bet.fr\/index.php\/maitre-doeuvre\/","og_site_name":"i N O V A","article_modified_time":"2021-12-25T16:51:57+00:00","og_image":[{"url":"https:\/\/nova-bet.fr\/wp-content\/uploads\/2021\/12\/thisisengineering-raeng-SyRlD4s_amw-unsplash-683x1024.jpg"}],"twitter_card":"summary_large_image","schema":{"@context":"https:\/\/schema.org","@graph":[{"@type":"Organization","@id":"https:\/\/nova-bet.fr\/#organization","name":"NOVA INGENIERIE","url":"https:\/\/nova-bet.fr\/","sameAs":[],"logo":{"@type":"ImageObject","@id":"https:\/\/nova-bet.fr\/#logo","inLanguage":"fr-FR","url":"https:\/\/nova-bet.fr\/wp-content\/uploads\/2021\/12\/cropped-nova-star.jpg","contentUrl":"https:\/\/nova-bet.fr\/wp-content\/uploads\/2021\/12\/cropped-nova-star.jpg","width":380,"height":80,"caption":"NOVA INGENIERIE"},"image":{"@id":"https:\/\/nova-bet.fr\/#logo"}},{"@type":"WebSite","@id":"https:\/\/nova-bet.fr\/#website","url":"https:\/\/nova-bet.fr\/","name":"i N O V A","description":"Bureau d&#039;\u00e9tudes techniques pour les particuliers ","publisher":{"@id":"https:\/\/nova-bet.fr\/#organization"},"potentialAction":[{"@type":"SearchAction","target":{"@type":"EntryPoint","urlTemplate":"https:\/\/nova-bet.fr\/?s={search_term_string}"},"query-input":"required name=search_term_string"}],"inLanguage":"fr-FR"},{"@type":"ImageObject","@id":"https:\/\/nova-bet.fr\/index.php\/maitre-doeuvre\/#primaryimage","inLanguage":"fr-FR","url":"https:\/\/nova-bet.fr\/wp-content\/uploads\/2021\/12\/thisisengineering-raeng-SyRlD4s_amw-unsplash-683x1024.jpg","contentUrl":"https:\/\/nova-bet.fr\/wp-content\/uploads\/2021\/12\/thisisengineering-raeng-SyRlD4s_amw-unsplash-683x1024.jpg"},{"@type":"WebPage","@id":"https:\/\/nova-bet.fr\/index.php\/maitre-doeuvre\/#webpage","url":"https:\/\/nova-bet.fr\/index.php\/maitre-doeuvre\/","name":"MAITRE D'OEUVRE - i N O V A","isPartOf":{"@id":"https:\/\/nova-bet.fr\/#website"},"primaryImageOfPage":{"@id":"https:\/\/nova-bet.fr\/index.php\/maitre-doeuvre\/#primaryimage"},"datePublished":"2021-12-20T18:32:59+00:00","dateModified":"2021-12-25T16:51:57+00:00","breadcrumb":{"@id":"https:\/\/nova-bet.fr\/index.php\/maitre-doeuvre\/#breadcrumb"},"inLanguage":"fr-FR","potentialAction":[{"@type":"ReadAction","target":["https:\/\/nova-bet.fr\/index.php\/maitre-doeuvre\/"]}]},{"@type":"BreadcrumbList","@id":"https:\/\/nova-bet.fr\/index.php\/maitre-doeuvre\/#breadcrumb","itemListElement":[{"@type":"ListItem","position":1,"name":"Accueil","item":"https:\/\/nova-bet.fr\/"},{"@type":"ListItem","position":2,"name":"MAITRE D&rsquo;OEUVRE"}]}]}},"_links":{"self":[{"href":"https:\/\/nova-bet.fr\/index.php\/wp-json\/wp\/v2\/pages\/142"}],"collection":[{"href":"https:\/\/nova-bet.fr\/index.php\/wp-json\/wp\/v2\/pages"}],"about":[{"href":"https:\/\/nova-bet.fr\/index.php\/wp-json\/wp\/v2\/types\/page"}],"author":[{"embeddable":true,"href":"https:\/\/nova-bet.fr\/index.php\/wp-json\/wp\/v2\/users\/1"}],"replies":[{"embeddable":true,"href":"https:\/\/nova-bet.fr\/index.php\/wp-json\/wp\/v2\/comments?post=142"}],"version-history":[{"count":2,"href":"https:\/\/nova-bet.fr\/index.php\/wp-json\/wp\/v2\/pages\/142\/revisions"}],"predecessor-version":[{"id":236,"href":"https:\/\/nova-bet.fr\/index.php\/wp-json\/wp\/v2\/pages\/142\/revisions\/236"}],"wp:attachment":[{"href":"https:\/\/nova-bet.fr\/index.php\/wp-json\/wp\/v2\/media?parent=142"}],"curies":[{"name":"wp","href":"https:\/\/api.w.org\/{rel}","templated":true}]}}