{"id":136,"date":"2021-12-20T19:22:03","date_gmt":"2021-12-20T18:22:03","guid":{"rendered":"https:\/\/nova-bet.fr\/?page_id=136"},"modified":"2021-12-25T17:25:05","modified_gmt":"2021-12-25T16:25:05","slug":"balcon-suspendu","status":"publish","type":"page","link":"https:\/\/nova-bet.fr\/index.php\/balcon-suspendu\/","title":{"rendered":"BALCONS SUSPENDUS"},"content":{"rendered":"\n<p>La surface de votre pi\u00e8ce \u00e0 vivre peut se prolonger \u00e0 l&rsquo;ext\u00e9rieur via un balcon suspendu ou un \u00e9l\u00e9ment en porte \u00e0 faux. La structure m\u00e9tallique \u00e9pur\u00e9e peut apporter un plus value int\u00e9ressant \u00e0 votre bien immobilier et une touche moderne \u00e0 l&rsquo;architecture existante.<\/p>\n\n\n\n<p>Votre projet doit faire l&rsquo;objet de la d\u00e9claration des travaux ou le permis de construire, voir les services d&rsquo;urbanisme. votre commune.<\/p>\n\n\n\n<p><a href=\"https:\/\/www.service-public.fr\/particuliers\/vosdroits\/F31473\">https:\/\/www.service-public.fr\/particuliers\/vosdroits\/F31473<\/a><\/p>\n\n\n\n<figure class=\"wp-block-image size-full\"><img loading=\"lazy\" width=\"640\" height=\"428\" src=\"https:\/\/nova-bet.fr\/wp-content\/uploads\/2021\/12\/terrasse-suspendue-epure-metal-design-img_7c3143e606090b26_4-1415-1-88703a8.jpg\" alt=\"\" class=\"wp-image-137\" srcset=\"https:\/\/nova-bet.fr\/wp-content\/uploads\/2021\/12\/terrasse-suspendue-epure-metal-design-img_7c3143e606090b26_4-1415-1-88703a8.jpg 640w, https:\/\/nova-bet.fr\/wp-content\/uploads\/2021\/12\/terrasse-suspendue-epure-metal-design-img_7c3143e606090b26_4-1415-1-88703a8-300x201.jpg 300w\" sizes=\"(max-width: 640px) 100vw, 640px\" \/><figcaption>La structure mixte en acier peint et bois, port\u00e9e sur un poteau d&rsquo;angle<\/figcaption><\/figure>\n\n\n\n<figure class=\"wp-block-image size-full\"><img loading=\"lazy\" width=\"780\" height=\"383\" src=\"https:\/\/nova-bet.fr\/wp-content\/uploads\/2021\/12\/82f00335a2f6fa788bd5861477baa2a493fe5252.jpeg\" alt=\"\" class=\"wp-image-138\" srcset=\"https:\/\/nova-bet.fr\/wp-content\/uploads\/2021\/12\/82f00335a2f6fa788bd5861477baa2a493fe5252.jpeg 780w, https:\/\/nova-bet.fr\/wp-content\/uploads\/2021\/12\/82f00335a2f6fa788bd5861477baa2a493fe5252-300x147.jpeg 300w, https:\/\/nova-bet.fr\/wp-content\/uploads\/2021\/12\/82f00335a2f6fa788bd5861477baa2a493fe5252-768x377.jpeg 768w\" sizes=\"(max-width: 780px) 100vw, 780px\" \/><figcaption>La structure mixte en console apporte des m\u00e8tres carr\u00e9s suppl\u00e9mentaires \u00e0 votre habitat<\/figcaption><\/figure>\n\n\n\n<figure class=\"wp-block-image size-full\"><img loading=\"lazy\" width=\"755\" height=\"460\" src=\"https:\/\/nova-bet.fr\/wp-content\/uploads\/2021\/12\/d40e33ac688679f86a9f820032c926ef.jpg\" alt=\"\" class=\"wp-image-139\" srcset=\"https:\/\/nova-bet.fr\/wp-content\/uploads\/2021\/12\/d40e33ac688679f86a9f820032c926ef.jpg 755w, https:\/\/nova-bet.fr\/wp-content\/uploads\/2021\/12\/d40e33ac688679f86a9f820032c926ef-300x183.jpg 300w\" sizes=\"(max-width: 755px) 100vw, 755px\" \/><\/figure>\n","protected":false},"excerpt":{"rendered":"<p>La surface de votre pi\u00e8ce \u00e0 vivre peut se prolonger \u00e0 l&rsquo;ext\u00e9rieur via un balcon suspendu ou un \u00e9l\u00e9ment en porte \u00e0 faux. La structure m\u00e9tallique \u00e9pur\u00e9e peut apporter un plus value int\u00e9ressant \u00e0 votre bien immobilier et une touche moderne \u00e0 l&rsquo;architecture existante. Votre projet doit faire l&rsquo;objet de la d\u00e9claration des travaux ou [&hellip;]<\/p>\n","protected":false},"author":1,"featured_media":0,"parent":0,"menu_order":0,"comment_status":"closed","ping_status":"closed","template":"","meta":[],"yoast_head":"<!-- This site is optimized with the Yoast SEO plugin v17.8 - https:\/\/yoast.com\/wordpress\/plugins\/seo\/ -->\n<title>BALCONS SUSPENDUS - i N O V A<\/title>\n<meta name=\"robots\" content=\"index, follow, max-snippet:-1, max-image-preview:large, max-video-preview:-1\" \/>\n<link rel=\"canonical\" href=\"https:\/\/nova-bet.fr\/index.php\/balcon-suspendu\/\" \/>\n<meta property=\"og:locale\" content=\"fr_FR\" \/>\n<meta property=\"og:type\" content=\"article\" \/>\n<meta property=\"og:title\" content=\"BALCONS SUSPENDUS - i N O V A\" \/>\n<meta property=\"og:description\" content=\"La surface de votre pi\u00e8ce \u00e0 vivre peut se prolonger \u00e0 l&rsquo;ext\u00e9rieur via un balcon suspendu ou un \u00e9l\u00e9ment en porte \u00e0 faux. La structure m\u00e9tallique \u00e9pur\u00e9e peut apporter un plus value int\u00e9ressant \u00e0 votre bien immobilier et une touche moderne \u00e0 l&rsquo;architecture existante. Votre projet doit faire l&rsquo;objet de la d\u00e9claration des travaux ou [&hellip;]\" \/>\n<meta property=\"og:url\" content=\"https:\/\/nova-bet.fr\/index.php\/balcon-suspendu\/\" \/>\n<meta property=\"og:site_name\" content=\"i N O V A\" \/>\n<meta property=\"article:modified_time\" content=\"2021-12-25T16:25:05+00:00\" \/>\n<meta property=\"og:image\" content=\"https:\/\/nova-bet.fr\/wp-content\/uploads\/2021\/12\/terrasse-suspendue-epure-metal-design-img_7c3143e606090b26_4-1415-1-88703a8.jpg\" \/>\n<meta name=\"twitter:card\" content=\"summary_large_image\" \/>\n<meta name=\"twitter:label1\" content=\"Dur\u00e9e de lecture estim\u00e9e\" \/>\n\t<meta name=\"twitter:data1\" content=\"1 minute\" \/>\n<script type=\"application\/ld+json\" class=\"yoast-schema-graph\">{\"@context\":\"https:\/\/schema.org\",\"@graph\":[{\"@type\":\"Organization\",\"@id\":\"https:\/\/nova-bet.fr\/#organization\",\"name\":\"NOVA INGENIERIE\",\"url\":\"https:\/\/nova-bet.fr\/\",\"sameAs\":[],\"logo\":{\"@type\":\"ImageObject\",\"@id\":\"https:\/\/nova-bet.fr\/#logo\",\"inLanguage\":\"fr-FR\",\"url\":\"https:\/\/nova-bet.fr\/wp-content\/uploads\/2021\/12\/cropped-nova-star.jpg\",\"contentUrl\":\"https:\/\/nova-bet.fr\/wp-content\/uploads\/2021\/12\/cropped-nova-star.jpg\",\"width\":380,\"height\":80,\"caption\":\"NOVA INGENIERIE\"},\"image\":{\"@id\":\"https:\/\/nova-bet.fr\/#logo\"}},{\"@type\":\"WebSite\",\"@id\":\"https:\/\/nova-bet.fr\/#website\",\"url\":\"https:\/\/nova-bet.fr\/\",\"name\":\"i N O V A\",\"description\":\"Bureau d&#039;\\u00e9tudes techniques pour les particuliers \",\"publisher\":{\"@id\":\"https:\/\/nova-bet.fr\/#organization\"},\"potentialAction\":[{\"@type\":\"SearchAction\",\"target\":{\"@type\":\"EntryPoint\",\"urlTemplate\":\"https:\/\/nova-bet.fr\/?s={search_term_string}\"},\"query-input\":\"required name=search_term_string\"}],\"inLanguage\":\"fr-FR\"},{\"@type\":\"ImageObject\",\"@id\":\"https:\/\/nova-bet.fr\/index.php\/balcon-suspendu\/#primaryimage\",\"inLanguage\":\"fr-FR\",\"url\":\"https:\/\/nova-bet.fr\/wp-content\/uploads\/2021\/12\/terrasse-suspendue-epure-metal-design-img_7c3143e606090b26_4-1415-1-88703a8.jpg\",\"contentUrl\":\"https:\/\/nova-bet.fr\/wp-content\/uploads\/2021\/12\/terrasse-suspendue-epure-metal-design-img_7c3143e606090b26_4-1415-1-88703a8.jpg\",\"width\":640,\"height\":428},{\"@type\":\"WebPage\",\"@id\":\"https:\/\/nova-bet.fr\/index.php\/balcon-suspendu\/#webpage\",\"url\":\"https:\/\/nova-bet.fr\/index.php\/balcon-suspendu\/\",\"name\":\"BALCONS SUSPENDUS - i N O V A\",\"isPartOf\":{\"@id\":\"https:\/\/nova-bet.fr\/#website\"},\"primaryImageOfPage\":{\"@id\":\"https:\/\/nova-bet.fr\/index.php\/balcon-suspendu\/#primaryimage\"},\"datePublished\":\"2021-12-20T18:22:03+00:00\",\"dateModified\":\"2021-12-25T16:25:05+00:00\",\"breadcrumb\":{\"@id\":\"https:\/\/nova-bet.fr\/index.php\/balcon-suspendu\/#breadcrumb\"},\"inLanguage\":\"fr-FR\",\"potentialAction\":[{\"@type\":\"ReadAction\",\"target\":[\"https:\/\/nova-bet.fr\/index.php\/balcon-suspendu\/\"]}]},{\"@type\":\"BreadcrumbList\",\"@id\":\"https:\/\/nova-bet.fr\/index.php\/balcon-suspendu\/#breadcrumb\",\"itemListElement\":[{\"@type\":\"ListItem\",\"position\":1,\"name\":\"Accueil\",\"item\":\"https:\/\/nova-bet.fr\/\"},{\"@type\":\"ListItem\",\"position\":2,\"name\":\"BALCONS SUSPENDUS\"}]}]}<\/script>\n<!-- \/ Yoast SEO plugin. -->","yoast_head_json":{"title":"BALCONS SUSPENDUS - i N O V A","robots":{"index":"index","follow":"follow","max-snippet":"max-snippet:-1","max-image-preview":"max-image-preview:large","max-video-preview":"max-video-preview:-1"},"canonical":"https:\/\/nova-bet.fr\/index.php\/balcon-suspendu\/","og_locale":"fr_FR","og_type":"article","og_title":"BALCONS SUSPENDUS - i N O V A","og_description":"La surface de votre pi\u00e8ce \u00e0 vivre peut se prolonger \u00e0 l&rsquo;ext\u00e9rieur via un balcon suspendu ou un \u00e9l\u00e9ment en porte \u00e0 faux. La structure m\u00e9tallique \u00e9pur\u00e9e peut apporter un plus value int\u00e9ressant \u00e0 votre bien immobilier et une touche moderne \u00e0 l&rsquo;architecture existante. Votre projet doit faire l&rsquo;objet de la d\u00e9claration des travaux ou [&hellip;]","og_url":"https:\/\/nova-bet.fr\/index.php\/balcon-suspendu\/","og_site_name":"i N O V A","article_modified_time":"2021-12-25T16:25:05+00:00","og_image":[{"url":"https:\/\/nova-bet.fr\/wp-content\/uploads\/2021\/12\/terrasse-suspendue-epure-metal-design-img_7c3143e606090b26_4-1415-1-88703a8.jpg"}],"twitter_card":"summary_large_image","twitter_misc":{"Dur\u00e9e de lecture estim\u00e9e":"1 minute"},"schema":{"@context":"https:\/\/schema.org","@graph":[{"@type":"Organization","@id":"https:\/\/nova-bet.fr\/#organization","name":"NOVA INGENIERIE","url":"https:\/\/nova-bet.fr\/","sameAs":[],"logo":{"@type":"ImageObject","@id":"https:\/\/nova-bet.fr\/#logo","inLanguage":"fr-FR","url":"https:\/\/nova-bet.fr\/wp-content\/uploads\/2021\/12\/cropped-nova-star.jpg","contentUrl":"https:\/\/nova-bet.fr\/wp-content\/uploads\/2021\/12\/cropped-nova-star.jpg","width":380,"height":80,"caption":"NOVA INGENIERIE"},"image":{"@id":"https:\/\/nova-bet.fr\/#logo"}},{"@type":"WebSite","@id":"https:\/\/nova-bet.fr\/#website","url":"https:\/\/nova-bet.fr\/","name":"i N O V A","description":"Bureau d&#039;\u00e9tudes techniques pour les particuliers ","publisher":{"@id":"https:\/\/nova-bet.fr\/#organization"},"potentialAction":[{"@type":"SearchAction","target":{"@type":"EntryPoint","urlTemplate":"https:\/\/nova-bet.fr\/?s={search_term_string}"},"query-input":"required name=search_term_string"}],"inLanguage":"fr-FR"},{"@type":"ImageObject","@id":"https:\/\/nova-bet.fr\/index.php\/balcon-suspendu\/#primaryimage","inLanguage":"fr-FR","url":"https:\/\/nova-bet.fr\/wp-content\/uploads\/2021\/12\/terrasse-suspendue-epure-metal-design-img_7c3143e606090b26_4-1415-1-88703a8.jpg","contentUrl":"https:\/\/nova-bet.fr\/wp-content\/uploads\/2021\/12\/terrasse-suspendue-epure-metal-design-img_7c3143e606090b26_4-1415-1-88703a8.jpg","width":640,"height":428},{"@type":"WebPage","@id":"https:\/\/nova-bet.fr\/index.php\/balcon-suspendu\/#webpage","url":"https:\/\/nova-bet.fr\/index.php\/balcon-suspendu\/","name":"BALCONS SUSPENDUS - i N O V A","isPartOf":{"@id":"https:\/\/nova-bet.fr\/#website"},"primaryImageOfPage":{"@id":"https:\/\/nova-bet.fr\/index.php\/balcon-suspendu\/#primaryimage"},"datePublished":"2021-12-20T18:22:03+00:00","dateModified":"2021-12-25T16:25:05+00:00","breadcrumb":{"@id":"https:\/\/nova-bet.fr\/index.php\/balcon-suspendu\/#breadcrumb"},"inLanguage":"fr-FR","potentialAction":[{"@type":"ReadAction","target":["https:\/\/nova-bet.fr\/index.php\/balcon-suspendu\/"]}]},{"@type":"BreadcrumbList","@id":"https:\/\/nova-bet.fr\/index.php\/balcon-suspendu\/#breadcrumb","itemListElement":[{"@type":"ListItem","position":1,"name":"Accueil","item":"https:\/\/nova-bet.fr\/"},{"@type":"ListItem","position":2,"name":"BALCONS SUSPENDUS"}]}]}},"_links":{"self":[{"href":"https:\/\/nova-bet.fr\/index.php\/wp-json\/wp\/v2\/pages\/136"}],"collection":[{"href":"https:\/\/nova-bet.fr\/index.php\/wp-json\/wp\/v2\/pages"}],"about":[{"href":"https:\/\/nova-bet.fr\/index.php\/wp-json\/wp\/v2\/types\/page"}],"author":[{"embeddable":true,"href":"https:\/\/nova-bet.fr\/index.php\/wp-json\/wp\/v2\/users\/1"}],"replies":[{"embeddable":true,"href":"https:\/\/nova-bet.fr\/index.php\/wp-json\/wp\/v2\/comments?post=136"}],"version-history":[{"count":4,"href":"https:\/\/nova-bet.fr\/index.php\/wp-json\/wp\/v2\/pages\/136\/revisions"}],"predecessor-version":[{"id":223,"href":"https:\/\/nova-bet.fr\/index.php\/wp-json\/wp\/v2\/pages\/136\/revisions\/223"}],"wp:attachment":[{"href":"https:\/\/nova-bet.fr\/index.php\/wp-json\/wp\/v2\/media?parent=136"}],"curies":[{"name":"wp","href":"https:\/\/api.w.org\/{rel}","templated":true}]}}