{"id":116,"date":"2021-12-18T18:41:31","date_gmt":"2021-12-18T17:41:31","guid":{"rendered":"https:\/\/nova-bet.fr\/?page_id=116"},"modified":"2021-12-25T13:07:09","modified_gmt":"2021-12-25T12:07:09","slug":"sinistres-et-sols-argileux","status":"publish","type":"page","link":"https:\/\/nova-bet.fr\/index.php\/sinistres-et-sols-argileux\/","title":{"rendered":"SINISTRES ET SOLS ARGILEUX"},"content":{"rendered":"\n<p>Notre bureau&nbsp;d&rsquo;\u00e9tudes travaille avec les experts juridiques et des assurances pour \u00e9tablir les dossiers de r\u00e9paration des maisons ou des ouvrages fragilis\u00e9s par les mouvements des sols argileux. Le rapport de diagnostic structurel est la base d&rsquo;intervention des entreprises sp\u00e9cialis\u00e9es.&nbsp;<\/p>\n\n\n\n<p>\u200bLes fissures peuvent appara\u00eetre&nbsp;quelques temps apr\u00e8s la construction ou des p\u00e9riodes de s\u00e9cheresse&nbsp;et des pluies intenses altern\u00e9es. Ce ph\u00e9nom\u00e8ne peut \u00eatre aggrav\u00e9&nbsp;par le syst\u00e8me&nbsp;racinaire proche des fondations ou des rejets d&rsquo;eau des descentes d&rsquo;eau pluviales en pied des fa\u00e7ades.&nbsp;<\/p>\n\n\n\n<p><br>Si votre maison est sous la garantie d\u00e9cennale, vous pouvez saisir votre assurance pour engager les d\u00e9marches juridiques et la r\u00e9paration des ouvrages. Une proc\u00e9dure \u00e0 l&rsquo;amiable avec l&rsquo;entreprise ou le constructeur peut \u00eatre tent\u00e9e avant d&rsquo;engager les proc\u00e9dures&nbsp;juridiques tr\u00e8s longues et co\u00fbteuses.&nbsp;<\/p>\n\n\n\n<p><br>Ne jamais engager les travaux de r\u00e9paration \u00e0 vos frais avec un risque de jamais \u00eatre rembours\u00e9, les assurances g\u00e8rent&nbsp;directement ces d\u00e9marches aupr\u00e8s des entreprises conventionn\u00e9es.<\/p>\n\n\n\n<p><br>A savoir que les tassements des sols et des fissures peuvent se stabiliser mais que l&rsquo;\u00e9tat de votre maison ne peut pas revenir \u00e0 l&rsquo;\u00e9tat initial sans une intervention.<\/p>\n\n\n\n<p>Les services de la mairie de votre commune peuvent vous aider \u00e0 savoir si la zone est class\u00e9 en risque naturel et que vous pouvez b\u00e9n\u00e9ficier une aide des fonds sp\u00e9cifiques.&nbsp;<\/p>\n\n\n\n<p><br>Sans intervention et la poursuite des fissuration, l&rsquo;\u00e9tat structurel de votre maison va se d\u00e9grader en perdant la valeur immobili\u00e8re.<\/p>\n\n\n\n<p><\/p>\n\n\n\n<p><\/p>\n\n\n\n<p><a href=\"https:\/\/www.georisques.gouv.fr\/risques\/retrait-gonflement-des-argiles\">https:\/\/www.georisques.gouv.fr\/risques\/retrait-gonflement-des-argiles<\/a><\/p>\n\n\n\n<figure class=\"wp-block-image size-full\"><img loading=\"lazy\" width=\"648\" height=\"501\" src=\"https:\/\/nova-bet.fr\/wp-content\/uploads\/2021\/12\/fissures.jpg\" alt=\"\" class=\"wp-image-201\" srcset=\"https:\/\/nova-bet.fr\/wp-content\/uploads\/2021\/12\/fissures.jpg 648w, https:\/\/nova-bet.fr\/wp-content\/uploads\/2021\/12\/fissures-300x232.jpg 300w, https:\/\/nova-bet.fr\/wp-content\/uploads\/2021\/12\/fissures-24x19.jpg 24w, https:\/\/nova-bet.fr\/wp-content\/uploads\/2021\/12\/fissures-36x28.jpg 36w, https:\/\/nova-bet.fr\/wp-content\/uploads\/2021\/12\/fissures-48x37.jpg 48w\" sizes=\"(max-width: 648px) 100vw, 648px\" \/><\/figure>\n\n\n\n<p>Le tassement et la d\u00e9formation verticale des sols donne les fissures en partie sup\u00e9rieure des murs d&rsquo;une maison, les fissures les plus typiques des faiblesses des sols.<\/p>\n\n\n\n<figure class=\"wp-block-image size-full\"><img loading=\"lazy\" width=\"512\" height=\"288\" src=\"https:\/\/nova-bet.fr\/wp-content\/uploads\/2021\/12\/unnamed.jpg\" alt=\"\" class=\"wp-image-117\" srcset=\"https:\/\/nova-bet.fr\/wp-content\/uploads\/2021\/12\/unnamed.jpg 512w, https:\/\/nova-bet.fr\/wp-content\/uploads\/2021\/12\/unnamed-300x169.jpg 300w\" sizes=\"(max-width: 512px) 100vw, 512px\" \/><\/figure>\n\n\n\n<p>La fissure de tassement dans un mur en agglom\u00e9r\u00e9s, la commune de Assas 34 . <\/p>\n\n\n\n<figure class=\"wp-block-image size-large\"><img loading=\"lazy\" width=\"1024\" height=\"768\" src=\"https:\/\/nova-bet.fr\/wp-content\/uploads\/2021\/12\/mf2-1024x768.jpg\" alt=\"\" class=\"wp-image-118\" srcset=\"https:\/\/nova-bet.fr\/wp-content\/uploads\/2021\/12\/mf2-1024x768.jpg 1024w, https:\/\/nova-bet.fr\/wp-content\/uploads\/2021\/12\/mf2-300x225.jpg 300w, https:\/\/nova-bet.fr\/wp-content\/uploads\/2021\/12\/mf2-768x576.jpg 768w, https:\/\/nova-bet.fr\/wp-content\/uploads\/2021\/12\/mf2.jpg 1280w\" sizes=\"(max-width: 1024px) 100vw, 1024px\" \/><\/figure>\n\n\n\n<p>Les d\u00e9sordres de tassement avec un basculement de la fa\u00e7ade vers l&rsquo;int\u00e9rieur, la profondeur minimale des fondations n&rsquo;est pas respect\u00e9e<\/p>\n\n\n\n<figure class=\"wp-block-image size-full\"><img loading=\"lazy\" width=\"650\" height=\"400\" src=\"https:\/\/nova-bet.fr\/wp-content\/uploads\/2021\/12\/fissure-mur-082036.jpg\" alt=\"\" class=\"wp-image-119\" srcset=\"https:\/\/nova-bet.fr\/wp-content\/uploads\/2021\/12\/fissure-mur-082036.jpg 650w, https:\/\/nova-bet.fr\/wp-content\/uploads\/2021\/12\/fissure-mur-082036-300x185.jpg 300w\" sizes=\"(max-width: 650px) 100vw, 650px\" \/><\/figure>\n\n\n\n<p>La fissure de tassement ou de la faiblesse des sols dans un mur en pierre, la commune de Vigan 34<\/p>\n","protected":false},"excerpt":{"rendered":"<p>Notre bureau&nbsp;d&rsquo;\u00e9tudes travaille avec les experts juridiques et des assurances pour \u00e9tablir les dossiers de r\u00e9paration des maisons ou des ouvrages fragilis\u00e9s par les mouvements des sols argileux. Le rapport de diagnostic structurel est la base d&rsquo;intervention des entreprises sp\u00e9cialis\u00e9es.&nbsp; \u200bLes fissures peuvent appara\u00eetre&nbsp;quelques temps apr\u00e8s la construction ou des p\u00e9riodes de s\u00e9cheresse&nbsp;et des pluies [&hellip;]<\/p>\n","protected":false},"author":1,"featured_media":0,"parent":0,"menu_order":0,"comment_status":"closed","ping_status":"closed","template":"","meta":[],"yoast_head":"<!-- This site is optimized with the Yoast SEO plugin v17.8 - https:\/\/yoast.com\/wordpress\/plugins\/seo\/ -->\n<title>SINISTRES ET SOLS ARGILEUX - i N O V A<\/title>\n<meta name=\"robots\" content=\"index, follow, max-snippet:-1, max-image-preview:large, max-video-preview:-1\" \/>\n<link rel=\"canonical\" href=\"https:\/\/nova-bet.fr\/index.php\/sinistres-et-sols-argileux\/\" \/>\n<meta property=\"og:locale\" content=\"fr_FR\" \/>\n<meta property=\"og:type\" content=\"article\" \/>\n<meta property=\"og:title\" content=\"SINISTRES ET SOLS ARGILEUX - i N O V A\" \/>\n<meta property=\"og:description\" content=\"Notre bureau&nbsp;d&rsquo;\u00e9tudes travaille avec les experts juridiques et des assurances pour \u00e9tablir les dossiers de r\u00e9paration des maisons ou des ouvrages fragilis\u00e9s par les mouvements des sols argileux. Le rapport de diagnostic structurel est la base d&rsquo;intervention des entreprises sp\u00e9cialis\u00e9es.&nbsp; \u200bLes fissures peuvent appara\u00eetre&nbsp;quelques temps apr\u00e8s la construction ou des p\u00e9riodes de s\u00e9cheresse&nbsp;et des pluies [&hellip;]\" \/>\n<meta property=\"og:url\" content=\"https:\/\/nova-bet.fr\/index.php\/sinistres-et-sols-argileux\/\" \/>\n<meta property=\"og:site_name\" content=\"i N O V A\" \/>\n<meta property=\"article:modified_time\" content=\"2021-12-25T12:07:09+00:00\" \/>\n<meta property=\"og:image\" content=\"https:\/\/nova-bet.fr\/wp-content\/uploads\/2021\/12\/fissures.jpg\" \/>\n<meta name=\"twitter:card\" content=\"summary_large_image\" \/>\n<meta name=\"twitter:label1\" content=\"Dur\u00e9e de lecture estim\u00e9e\" \/>\n\t<meta name=\"twitter:data1\" content=\"2 minutes\" \/>\n<script type=\"application\/ld+json\" class=\"yoast-schema-graph\">{\"@context\":\"https:\/\/schema.org\",\"@graph\":[{\"@type\":\"Organization\",\"@id\":\"https:\/\/nova-bet.fr\/#organization\",\"name\":\"NOVA INGENIERIE\",\"url\":\"https:\/\/nova-bet.fr\/\",\"sameAs\":[],\"logo\":{\"@type\":\"ImageObject\",\"@id\":\"https:\/\/nova-bet.fr\/#logo\",\"inLanguage\":\"fr-FR\",\"url\":\"https:\/\/nova-bet.fr\/wp-content\/uploads\/2021\/12\/cropped-nova-star.jpg\",\"contentUrl\":\"https:\/\/nova-bet.fr\/wp-content\/uploads\/2021\/12\/cropped-nova-star.jpg\",\"width\":380,\"height\":80,\"caption\":\"NOVA INGENIERIE\"},\"image\":{\"@id\":\"https:\/\/nova-bet.fr\/#logo\"}},{\"@type\":\"WebSite\",\"@id\":\"https:\/\/nova-bet.fr\/#website\",\"url\":\"https:\/\/nova-bet.fr\/\",\"name\":\"i N O V A\",\"description\":\"Bureau d&#039;\\u00e9tudes techniques pour les particuliers \",\"publisher\":{\"@id\":\"https:\/\/nova-bet.fr\/#organization\"},\"potentialAction\":[{\"@type\":\"SearchAction\",\"target\":{\"@type\":\"EntryPoint\",\"urlTemplate\":\"https:\/\/nova-bet.fr\/?s={search_term_string}\"},\"query-input\":\"required name=search_term_string\"}],\"inLanguage\":\"fr-FR\"},{\"@type\":\"ImageObject\",\"@id\":\"https:\/\/nova-bet.fr\/index.php\/sinistres-et-sols-argileux\/#primaryimage\",\"inLanguage\":\"fr-FR\",\"url\":\"https:\/\/nova-bet.fr\/wp-content\/uploads\/2021\/12\/fissures.jpg\",\"contentUrl\":\"https:\/\/nova-bet.fr\/wp-content\/uploads\/2021\/12\/fissures.jpg\",\"width\":648,\"height\":501},{\"@type\":\"WebPage\",\"@id\":\"https:\/\/nova-bet.fr\/index.php\/sinistres-et-sols-argileux\/#webpage\",\"url\":\"https:\/\/nova-bet.fr\/index.php\/sinistres-et-sols-argileux\/\",\"name\":\"SINISTRES ET SOLS ARGILEUX - i N O V A\",\"isPartOf\":{\"@id\":\"https:\/\/nova-bet.fr\/#website\"},\"primaryImageOfPage\":{\"@id\":\"https:\/\/nova-bet.fr\/index.php\/sinistres-et-sols-argileux\/#primaryimage\"},\"datePublished\":\"2021-12-18T17:41:31+00:00\",\"dateModified\":\"2021-12-25T12:07:09+00:00\",\"breadcrumb\":{\"@id\":\"https:\/\/nova-bet.fr\/index.php\/sinistres-et-sols-argileux\/#breadcrumb\"},\"inLanguage\":\"fr-FR\",\"potentialAction\":[{\"@type\":\"ReadAction\",\"target\":[\"https:\/\/nova-bet.fr\/index.php\/sinistres-et-sols-argileux\/\"]}]},{\"@type\":\"BreadcrumbList\",\"@id\":\"https:\/\/nova-bet.fr\/index.php\/sinistres-et-sols-argileux\/#breadcrumb\",\"itemListElement\":[{\"@type\":\"ListItem\",\"position\":1,\"name\":\"Accueil\",\"item\":\"https:\/\/nova-bet.fr\/\"},{\"@type\":\"ListItem\",\"position\":2,\"name\":\"SINISTRES ET SOLS ARGILEUX\"}]}]}<\/script>\n<!-- \/ Yoast SEO plugin. -->","yoast_head_json":{"title":"SINISTRES ET SOLS ARGILEUX - i N O V A","robots":{"index":"index","follow":"follow","max-snippet":"max-snippet:-1","max-image-preview":"max-image-preview:large","max-video-preview":"max-video-preview:-1"},"canonical":"https:\/\/nova-bet.fr\/index.php\/sinistres-et-sols-argileux\/","og_locale":"fr_FR","og_type":"article","og_title":"SINISTRES ET SOLS ARGILEUX - i N O V A","og_description":"Notre bureau&nbsp;d&rsquo;\u00e9tudes travaille avec les experts juridiques et des assurances pour \u00e9tablir les dossiers de r\u00e9paration des maisons ou des ouvrages fragilis\u00e9s par les mouvements des sols argileux. Le rapport de diagnostic structurel est la base d&rsquo;intervention des entreprises sp\u00e9cialis\u00e9es.&nbsp; \u200bLes fissures peuvent appara\u00eetre&nbsp;quelques temps apr\u00e8s la construction ou des p\u00e9riodes de s\u00e9cheresse&nbsp;et des pluies [&hellip;]","og_url":"https:\/\/nova-bet.fr\/index.php\/sinistres-et-sols-argileux\/","og_site_name":"i N O V A","article_modified_time":"2021-12-25T12:07:09+00:00","og_image":[{"url":"https:\/\/nova-bet.fr\/wp-content\/uploads\/2021\/12\/fissures.jpg"}],"twitter_card":"summary_large_image","twitter_misc":{"Dur\u00e9e de lecture estim\u00e9e":"2 minutes"},"schema":{"@context":"https:\/\/schema.org","@graph":[{"@type":"Organization","@id":"https:\/\/nova-bet.fr\/#organization","name":"NOVA INGENIERIE","url":"https:\/\/nova-bet.fr\/","sameAs":[],"logo":{"@type":"ImageObject","@id":"https:\/\/nova-bet.fr\/#logo","inLanguage":"fr-FR","url":"https:\/\/nova-bet.fr\/wp-content\/uploads\/2021\/12\/cropped-nova-star.jpg","contentUrl":"https:\/\/nova-bet.fr\/wp-content\/uploads\/2021\/12\/cropped-nova-star.jpg","width":380,"height":80,"caption":"NOVA INGENIERIE"},"image":{"@id":"https:\/\/nova-bet.fr\/#logo"}},{"@type":"WebSite","@id":"https:\/\/nova-bet.fr\/#website","url":"https:\/\/nova-bet.fr\/","name":"i N O V A","description":"Bureau d&#039;\u00e9tudes techniques pour les particuliers ","publisher":{"@id":"https:\/\/nova-bet.fr\/#organization"},"potentialAction":[{"@type":"SearchAction","target":{"@type":"EntryPoint","urlTemplate":"https:\/\/nova-bet.fr\/?s={search_term_string}"},"query-input":"required name=search_term_string"}],"inLanguage":"fr-FR"},{"@type":"ImageObject","@id":"https:\/\/nova-bet.fr\/index.php\/sinistres-et-sols-argileux\/#primaryimage","inLanguage":"fr-FR","url":"https:\/\/nova-bet.fr\/wp-content\/uploads\/2021\/12\/fissures.jpg","contentUrl":"https:\/\/nova-bet.fr\/wp-content\/uploads\/2021\/12\/fissures.jpg","width":648,"height":501},{"@type":"WebPage","@id":"https:\/\/nova-bet.fr\/index.php\/sinistres-et-sols-argileux\/#webpage","url":"https:\/\/nova-bet.fr\/index.php\/sinistres-et-sols-argileux\/","name":"SINISTRES ET SOLS ARGILEUX - i N O V A","isPartOf":{"@id":"https:\/\/nova-bet.fr\/#website"},"primaryImageOfPage":{"@id":"https:\/\/nova-bet.fr\/index.php\/sinistres-et-sols-argileux\/#primaryimage"},"datePublished":"2021-12-18T17:41:31+00:00","dateModified":"2021-12-25T12:07:09+00:00","breadcrumb":{"@id":"https:\/\/nova-bet.fr\/index.php\/sinistres-et-sols-argileux\/#breadcrumb"},"inLanguage":"fr-FR","potentialAction":[{"@type":"ReadAction","target":["https:\/\/nova-bet.fr\/index.php\/sinistres-et-sols-argileux\/"]}]},{"@type":"BreadcrumbList","@id":"https:\/\/nova-bet.fr\/index.php\/sinistres-et-sols-argileux\/#breadcrumb","itemListElement":[{"@type":"ListItem","position":1,"name":"Accueil","item":"https:\/\/nova-bet.fr\/"},{"@type":"ListItem","position":2,"name":"SINISTRES ET SOLS ARGILEUX"}]}]}},"_links":{"self":[{"href":"https:\/\/nova-bet.fr\/index.php\/wp-json\/wp\/v2\/pages\/116"}],"collection":[{"href":"https:\/\/nova-bet.fr\/index.php\/wp-json\/wp\/v2\/pages"}],"about":[{"href":"https:\/\/nova-bet.fr\/index.php\/wp-json\/wp\/v2\/types\/page"}],"author":[{"embeddable":true,"href":"https:\/\/nova-bet.fr\/index.php\/wp-json\/wp\/v2\/users\/1"}],"replies":[{"embeddable":true,"href":"https:\/\/nova-bet.fr\/index.php\/wp-json\/wp\/v2\/comments?post=116"}],"version-history":[{"count":6,"href":"https:\/\/nova-bet.fr\/index.php\/wp-json\/wp\/v2\/pages\/116\/revisions"}],"predecessor-version":[{"id":202,"href":"https:\/\/nova-bet.fr\/index.php\/wp-json\/wp\/v2\/pages\/116\/revisions\/202"}],"wp:attachment":[{"href":"https:\/\/nova-bet.fr\/index.php\/wp-json\/wp\/v2\/media?parent=116"}],"curies":[{"name":"wp","href":"https:\/\/api.w.org\/{rel}","templated":true}]}}